{"id":989498,"date":"2026-04-08T04:35:00","date_gmt":"2026-04-08T04:35:00","guid":{"rendered":"https:\/\/breakfield.com.vn\/?page_id=989498"},"modified":"2026-05-06T15:19:28","modified_gmt":"2026-05-06T08:19:28","slug":"digital-marketing-advertising","status":"publish","type":"page","link":"https:\/\/breakfield.com.vn\/en\/digital-marketing-advertising\/","title":{"rendered":"Digital Marketing &amp; Advertising"},"content":{"rendered":"\t\t<div data-elementor-type=\"wp-page\" data-elementor-id=\"989498\" class=\"elementor elementor-989498\" data-elementor-post-type=\"page\">\n\t\t\t\t<div class=\"elementor-element elementor-element-64da67f e-flex e-con-boxed e-con e-parent\" data-id=\"64da67f\" data-element_type=\"container\" data-e-type=\"container\">\n\t\t\t\t\t<div class=\"e-con-inner\">\n\t\t\t\t<div class=\"elementor-element elementor-element-13a43e84 elementor-invisible elementor-widget__width-auto animated-fast elementor-widget elementor-widget-heading\" data-id=\"13a43e84\" data-element_type=\"widget\" data-e-type=\"widget\" data-settings=\"{&quot;_animation&quot;:&quot;fadeIn&quot;,&quot;_animation_delay&quot;:50}\" data-widget_type=\"heading.default\">\n\t\t\t\t<div class=\"elementor-widget-container\">\n\t\t\t\t\t<div class=\"elementor-heading-title elementor-size-default\">T\u1ed4NG QUAN<\/div>\t\t\t\t<\/div>\n\t\t\t\t<\/div>\n\t\t\t\t<div class=\"elementor-element elementor-element-3f063875 elementor-invisible elementor-widget__width-initial elementor-widget-mobile__width-inherit animated-fast elementor-widget elementor-widget-heading\" data-id=\"3f063875\" data-element_type=\"widget\" data-e-type=\"widget\" data-settings=\"{&quot;_animation&quot;:&quot;fadeIn&quot;}\" data-widget_type=\"heading.default\">\n\t\t\t\t<div class=\"elementor-widget-container\">\n\t\t\t\t\t<h2 class=\"elementor-heading-title elementor-size-default\">D\u1ecbch v\u1ee5 Digital Marketing &amp; Advertising<\/h2>\t\t\t\t<\/div>\n\t\t\t\t<\/div>\n\t\t<div class=\"elementor-element elementor-element-5b9dfa26 e-con-full e-flex e-con e-child\" data-id=\"5b9dfa26\" data-element_type=\"container\" data-e-type=\"container\">\n\t\t<div class=\"elementor-element elementor-element-78ec8a49 e-con-full e-flex e-con e-child\" data-id=\"78ec8a49\" data-element_type=\"container\" data-e-type=\"container\">\n\t\t\t\t<div class=\"vamtam-has-theme-widget-styles elementor-element elementor-element-7076021d elementor-invisible animated-fast elementor-widget-tablet__width-inherit elementor-widget elementor-widget-text-editor\" data-id=\"7076021d\" data-element_type=\"widget\" data-e-type=\"widget\" data-settings=\"{&quot;_animation&quot;:&quot;fadeIn&quot;,&quot;_animation_delay&quot;:0}\" data-widget_type=\"text-editor.default\">\n\t\t\t\t<div class=\"elementor-widget-container\">\n\t\t\t\t\t\t\t\t\t<p>Break Field Vi\u1ec7t Nam tri\u1ec3n khai c\u00e1c chi\u1ebfn d\u1ecbch Digital Marketing d\u1ef1a tr\u00ean ph\u00e2n t\u00edch d\u1eef li\u1ec7u v\u00e0 h\u00e0nh vi ng\u01b0\u1eddi d\u00f9ng, gi\u00fap doanh nghi\u1ec7p ti\u1ebfp c\u1eadn ch\u00ednh x\u00e1c kh\u00e1ch h\u00e0ng m\u1ee5c ti\u00eau. Mang l\u1ea1i nhi\u1ec1u gi\u00e1 tr\u1ecb:<\/p><ul><li style=\"font-weight: 400;\" aria-level=\"1\"><span style=\"font-weight: 400;\">Ti\u1ebfp c\u1eadn \u0111\u00fang kh\u00e1ch h\u00e0ng ti\u1ec1m n\u0103ng<\/span><\/li><li style=\"font-weight: 400;\" aria-level=\"1\"><span style=\"font-weight: 400;\">Gi\u1ea3m chi ph\u00ed qu\u1ea3ng c\u00e1o l\u00e3ng ph\u00ed<\/span><\/li><li style=\"font-weight: 400;\" aria-level=\"1\"><span style=\"font-weight: 400;\">T\u0103ng t\u1ef7 l\u1ec7 chuy\u1ec3n \u0111\u1ed5i<\/span><\/li><\/ul>\t\t\t\t\t\t\t\t<\/div>\n\t\t\t\t<\/div>\n\t\t\t\t<\/div>\n\t\t<div class=\"elementor-element elementor-element-63eccd71 e-con-full animated-fast e-flex e-con e-child\" data-id=\"63eccd71\" data-element_type=\"container\" data-e-type=\"container\" data-settings=\"{&quot;animation&quot;:&quot;none&quot;,&quot;animation_delay&quot;:0}\">\n\t\t\t\t<div class=\"vamtam-has-theme-widget-styles elementor-element elementor-element-8408d1d vamtam-has-icon-theme-styles elementor-widget elementor-widget-n-accordion\" data-id=\"8408d1d\" data-element_type=\"widget\" data-e-type=\"widget\" data-settings=\"{&quot;n_accordion_animation_duration&quot;:{&quot;unit&quot;:&quot;ms&quot;,&quot;size&quot;:100,&quot;sizes&quot;:[]},&quot;default_state&quot;:&quot;all_collapsed&quot;,&quot;max_items_expended&quot;:&quot;one&quot;}\" data-widget_type=\"nested-accordion.default\">\n\t\t\t\t<div class=\"elementor-widget-container\">\n\t\t\t\t\t\t\t<div class=\"e-n-accordion\" aria-label=\"Accordion. Open links with Enter or Space, close with Escape, and navigate with Arrow Keys\">\n\t\t\t\t\t\t<details id=\"e-n-accordion-item-1380\" class=\"e-n-accordion-item\" >\n\t\t\t\t<summary class=\"e-n-accordion-item-title\" data-accordion-index=\"1\" tabindex=\"0\" aria-expanded=\"false\" aria-controls=\"e-n-accordion-item-1380\" >\n\t\t\t\t\t<span class='e-n-accordion-item-title-header'><div class=\"e-n-accordion-item-title-text\"> Qu\u1ea3ng c\u00e1o Facebook, Google, TikTok\u2026\u2026 <\/div><\/span>\n\t\t\t\t\t\t\t<span class='e-n-accordion-item-title-icon'>\n\t\t\t<span class='e-opened' ><i aria-hidden=\"true\" class=\"vamtamtheme- vamtam-theme-minus\"><\/i><\/span>\n\t\t\t<span class='e-closed'><i aria-hidden=\"true\" class=\"vamtamtheme- vamtam-theme-plus\"><\/i><\/span>\n\t\t<\/span>\n\n\t\t\t\t\t\t<\/summary>\n\t\t\t\t<div role=\"region\" aria-labelledby=\"e-n-accordion-item-1380\" class=\"elementor-element elementor-element-96939c2 e-con-full e-flex e-con e-child\" data-id=\"96939c2\" data-element_type=\"container\" data-e-type=\"container\">\n\t\t\t\t<div class=\"vamtam-has-theme-widget-styles elementor-element elementor-element-41ee966a elementor-widget elementor-widget-text-editor\" data-id=\"41ee966a\" data-element_type=\"widget\" data-e-type=\"widget\" data-widget_type=\"text-editor.default\">\n\t\t\t\t<div class=\"elementor-widget-container\">\n\t\t\t\t\t\t\t\t\t<p>Kh\u00f4ng ch\u1ec9 \u0111\u01a1n thu\u1ea7n l\u00e0 l\u00ean chi\u1ebfn d\u1ecbch, ch\u00fang t\u00f4i gi\u00fap b\u1ea1n l\u00e0m ch\u1ee7 m\u1ecdi n\u1ec1n t\u1ea3ng s\u1ed1. B\u1eb1ng c\u00e1ch k\u1ebft h\u1ee3p gi\u1eefa kh\u1ea3 n\u0103ng nh\u1eafm m\u1ee5c ti\u00eau chu\u1ea9n x\u00e1c v\u00e0 s\u00e1ng t\u1ea1o n\u1ed9i dung d\u1eabn \u0111\u1ea7u xu h\u01b0\u1edbng, m\u1ed7i \u0111\u1ed3ng ng\u00e2n s\u00e1ch qu\u1ea3ng c\u00e1o \u0111\u1ec1u \u0111\u01b0\u1ee3c t\u1ed1i \u01b0u \u0111\u1ec3 mang l\u1ea1i \u0111\u1ed9 ph\u1ee7 th\u01b0\u01a1ng hi\u1ec7u r\u1ed9ng nh\u1ea5t v\u00e0 l\u01b0\u1ee3ng kh\u00e1ch h\u00e0ng ti\u1ec1m n\u0103ng ch\u1ea5t l\u01b0\u1ee3ng nh\u1ea5t cho doanh nghi\u1ec7p.<\/p>\t\t\t\t\t\t\t\t<\/div>\n\t\t\t\t<\/div>\n\t\t\t\t<\/div>\n\t\t\t\t\t<\/details>\n\t\t\t\t\t\t<details id=\"e-n-accordion-item-1381\" class=\"e-n-accordion-item\" >\n\t\t\t\t<summary class=\"e-n-accordion-item-title\" data-accordion-index=\"2\" tabindex=\"-1\" aria-expanded=\"false\" aria-controls=\"e-n-accordion-item-1381\" >\n\t\t\t\t\t<span class='e-n-accordion-item-title-header'><div class=\"e-n-accordion-item-title-text\"> X\u00e2y d\u1ef1ng chi\u1ebfn l\u01b0\u1ee3c marketing t\u1ed5ng th\u1ec3 <\/div><\/span>\n\t\t\t\t\t\t\t<span class='e-n-accordion-item-title-icon'>\n\t\t\t<span class='e-opened' ><i aria-hidden=\"true\" class=\"vamtamtheme- vamtam-theme-minus\"><\/i><\/span>\n\t\t\t<span class='e-closed'><i aria-hidden=\"true\" class=\"vamtamtheme- vamtam-theme-plus\"><\/i><\/span>\n\t\t<\/span>\n\n\t\t\t\t\t\t<\/summary>\n\t\t\t\t<div role=\"region\" aria-labelledby=\"e-n-accordion-item-1381\" class=\"elementor-element elementor-element-4db3f7d4 e-con-full e-flex e-con e-child\" data-id=\"4db3f7d4\" data-element_type=\"container\" data-e-type=\"container\">\n\t\t\t\t<div class=\"vamtam-has-theme-widget-styles elementor-element elementor-element-c4f022b elementor-widget elementor-widget-text-editor\" data-id=\"c4f022b\" data-element_type=\"widget\" data-e-type=\"widget\" data-widget_type=\"text-editor.default\">\n\t\t\t\t<div class=\"elementor-widget-container\">\n\t\t\t\t\t\t\t\t\t<p>Ch\u00fang t\u00f4i kh\u00f4ng \u0111i t\u00ecm gi\u1ea3i ph\u00e1p ng\u1eafn h\u1ea1n, ch\u00fang t\u00f4i ki\u1ebfn t\u1ea1o l\u1ed9 tr\u00ecnh d\u00e0i h\u1ea1n. T\u1eeb vi\u1ec7c th\u1ea5u hi\u1ec3u th\u1ecb tr\u01b0\u1eddng, ph\u00e2n t\u00edch \u0111\u1ed1i th\u1ee7 \u0111\u1ebfn \u0111\u1ecbnh v\u1ecb th\u01b0\u01a1ng hi\u1ec7u, m\u1ecdi k\u1ebf ho\u1ea1ch \u0111\u01b0\u1ee3c thi\u1ebft k\u1ebf b\u00e0i b\u1ea3n \u0111\u1ec3 \u0111\u1ea3m b\u1ea3o s\u1ef1 \u0111\u1ed3ng b\u1ed9 tr\u00ean m\u1ecdi k\u00eanh truy\u1ec1n th\u00f4ng, gi\u00fap doanh nghi\u1ec7p v\u1eadn h\u00e0nh nh\u1ecbp nh\u00e0ng v\u00e0 ti\u1ebfn xa h\u01a1n tr\u00ean \u0111\u01b0\u1eddng \u0111ua doanh s\u1ed1.<\/p>\t\t\t\t\t\t\t\t<\/div>\n\t\t\t\t<\/div>\n\t\t\t\t<\/div>\n\t\t\t\t\t<\/details>\n\t\t\t\t\t\t<details id=\"e-n-accordion-item-1382\" class=\"e-n-accordion-item\" >\n\t\t\t\t<summary class=\"e-n-accordion-item-title\" data-accordion-index=\"3\" tabindex=\"-1\" aria-expanded=\"false\" aria-controls=\"e-n-accordion-item-1382\" >\n\t\t\t\t\t<span class='e-n-accordion-item-title-header'><div class=\"e-n-accordion-item-title-text\"> T\u1ed1i \u01b0u chuy\u1ec3n \u0111\u1ed5i (Conversion Optimization) <\/div><\/span>\n\t\t\t\t\t\t\t<span class='e-n-accordion-item-title-icon'>\n\t\t\t<span class='e-opened' ><i aria-hidden=\"true\" class=\"vamtamtheme- vamtam-theme-minus\"><\/i><\/span>\n\t\t\t<span class='e-closed'><i aria-hidden=\"true\" class=\"vamtamtheme- vamtam-theme-plus\"><\/i><\/span>\n\t\t<\/span>\n\n\t\t\t\t\t\t<\/summary>\n\t\t\t\t<div role=\"region\" aria-labelledby=\"e-n-accordion-item-1382\" class=\"elementor-element elementor-element-3acea35f e-con-full e-flex e-con e-child\" data-id=\"3acea35f\" data-element_type=\"container\" data-e-type=\"container\">\n\t\t\t\t<div class=\"vamtam-has-theme-widget-styles elementor-element elementor-element-78a07b23 elementor-widget elementor-widget-text-editor\" data-id=\"78a07b23\" data-element_type=\"widget\" data-e-type=\"widget\" data-widget_type=\"text-editor.default\">\n\t\t\t\t<div class=\"elementor-widget-container\">\n\t\t\t\t\t\t\t\t\t<p>Bi\u1ebfn m\u1ed7i l\u01b0\u1ee3t truy c\u1eadp th\u00e0nh m\u1ed9t \u0111\u01a1n h\u00e0ng th\u1ef1c t\u1ebf th\u00f4ng qua vi\u1ec7c tinh ch\u1ec9nh tr\u1ea3i nghi\u1ec7m ng\u01b0\u1eddi d\u00f9ng (UX\/UI) v\u00e0 t\u00e2m l\u00fd h\u00e0nh vi. Ch\u00fang t\u00f4i t\u1eadp trung v\u00e0o vi\u1ec7c lo\u1ea1i b\u1ecf m\u1ecdi r\u00e0o c\u1ea3n trong h\u00e0nh tr\u00ecnh mua h\u00e0ng, t\u1eeb \u0111\u00f3 t\u1ed1i \u01b0u h\u00f3a t\u1ef7 l\u1ec7 ch\u1ed1t \u0111\u01a1n v\u00e0 gia t\u0103ng l\u1ee3i nhu\u1eadn tr\u00ean c\u00f9ng m\u1ed9t l\u01b0\u1ee3ng traffic m\u00e0 kh\u00f4ng c\u1ea7n t\u1ed1n th\u00eam chi ph\u00ed qu\u1ea3ng c\u00e1o.<\/p>\t\t\t\t\t\t\t\t<\/div>\n\t\t\t\t<\/div>\n\t\t\t\t<\/div>\n\t\t\t\t\t<\/details>\n\t\t\t\t\t\t<details id=\"e-n-accordion-item-1383\" class=\"e-n-accordion-item\" >\n\t\t\t\t<summary class=\"e-n-accordion-item-title\" data-accordion-index=\"4\" tabindex=\"-1\" aria-expanded=\"false\" aria-controls=\"e-n-accordion-item-1383\" >\n\t\t\t\t\t<span class='e-n-accordion-item-title-header'><div class=\"e-n-accordion-item-title-text\"> Thu th\u1eadp &amp; ph\u00e2n t\u00edch d\u1eef li\u1ec7u kh\u00e1ch h\u00e0ng <\/div><\/span>\n\t\t\t\t\t\t\t<span class='e-n-accordion-item-title-icon'>\n\t\t\t<span class='e-opened' ><i aria-hidden=\"true\" class=\"vamtamtheme- vamtam-theme-minus\"><\/i><\/span>\n\t\t\t<span class='e-closed'><i aria-hidden=\"true\" class=\"vamtamtheme- vamtam-theme-plus\"><\/i><\/span>\n\t\t<\/span>\n\n\t\t\t\t\t\t<\/summary>\n\t\t\t\t<div role=\"region\" aria-labelledby=\"e-n-accordion-item-1383\" class=\"elementor-element elementor-element-8a7d7ca e-con-full e-flex e-con e-child\" data-id=\"8a7d7ca\" data-element_type=\"container\" data-e-type=\"container\">\n\t\t\t\t<div class=\"vamtam-has-theme-widget-styles elementor-element elementor-element-d4abaf0 elementor-widget elementor-widget-text-editor\" data-id=\"d4abaf0\" data-element_type=\"widget\" data-e-type=\"widget\" data-widget_type=\"text-editor.default\">\n\t\t\t\t<div class=\"elementor-widget-container\">\n\t\t\t\t\t\t\t\t\t<p>D\u1eef li\u1ec7u l\u00e0 t\u00e0i s\u1ea3n, v\u00e0 ch\u00fang t\u00f4i gi\u00fap b\u1ea1n khai th\u00e1c &#8216;m\u1ecf v\u00e0ng&#8217; \u0111\u00f3 m\u1ed9t c\u00e1ch hi\u1ec7u qu\u1ea3 nh\u1ea5t. B\u1eb1ng c\u00e1c c\u00f4ng c\u1ee5 ph\u00e2n t\u00edch hi\u1ec7n \u0111\u1ea1i, ch\u00fang t\u00f4i gi\u00fap doanh nghi\u1ec7p th\u1ea5u hi\u1ec3u ch\u00e2n dung v\u00e0 h\u00e0nh vi kh\u00e1ch h\u00e0ng, t\u1eeb \u0111\u00f3 \u0111\u01b0a ra nh\u1eefng quy\u1ebft \u0111\u1ecbnh kinh doanh d\u1ef1a tr\u00ean s\u1ed1 li\u1ec7u th\u1ef1c t\u1ebf, gi\u00fap gi\u1ea3m thi\u1ec3u r\u1ee7i ro v\u00e0 c\u00e1 nh\u00e2n h\u00f3a tr\u1ea3i nghi\u1ec7m \u0111\u1ec3 gi\u1eef ch\u00e2n kh\u00e1ch h\u00e0ng b\u1ec1n l\u00e2u.<\/p>\t\t\t\t\t\t\t\t<\/div>\n\t\t\t\t<\/div>\n\t\t\t\t<\/div>\n\t\t\t\t\t<\/details>\n\t\t\t\t\t<\/div>\n\t\t\t\t\t\t<\/div>\n\t\t\t\t<\/div>\n\t\t\t\t<\/div>\n\t\t\t\t<\/div>\n\t\t\t\t\t<\/div>\n\t\t\t\t<\/div>\n\t\t<div class=\"elementor-element elementor-element-619d077e e-flex e-con-boxed e-con e-parent\" data-id=\"619d077e\" data-element_type=\"container\" data-e-type=\"container\">\n\t\t\t\t\t<div class=\"e-con-inner\">\n\t\t\t\t<div class=\"vamtam-has-theme-widget-styles elementor-element elementor-element-4ebd8bbf elementor-invisible elementor-align-justify vamtam-content-align-space-between elementor-widget__width-auto animated-fast vamtam-has-icon-styles vamtam-icon-pos-row elementor-widget elementor-widget-button\" data-id=\"4ebd8bbf\" data-element_type=\"widget\" data-e-type=\"widget\" data-settings=\"{&quot;_animation&quot;:&quot;slideInUp&quot;,&quot;_animation_delay&quot;:0}\" data-widget_type=\"button.default\">\n\t\t\t\t<div class=\"elementor-widget-container\">\n\t\t\t\t\t\t\t\t\t<div class=\"elementor-button-wrapper\">\n\t\t\t\t\t<a class=\"elementor-button elementor-size-sm\" role=\"button\">\n\t\t\t\t\t\t<span class=\"elementor-button-content-wrapper\">\n\t\t\t\t\t\t<span class=\"elementor-button-icon\">\n\t\t\t\t<i aria-hidden=\"true\" class=\"vamtamtheme- vamtam-theme-check\"><\/i>\t\t\t<\/span>\n\t\t\t\t\t\t\t\t\t<span class=\"elementor-button-text\">Thu h\u00fat \u0111\u00fang kh\u00e1ch h\u00e0ng<\/span>\n\t\t\t\t\t<\/span>\n\t\t\t\t\t<\/a>\n\t\t\t\t<\/div>\n\t\t\t\t\t\t\t\t<\/div>\n\t\t\t\t<\/div>\n\t\t\t\t<div class=\"vamtam-has-theme-widget-styles elementor-element elementor-element-894094f elementor-invisible elementor-align-justify vamtam-content-align-space-between elementor-widget__width-auto animated-fast vamtam-has-icon-styles vamtam-icon-pos-row elementor-widget elementor-widget-button\" data-id=\"894094f\" data-element_type=\"widget\" data-e-type=\"widget\" data-settings=\"{&quot;_animation&quot;:&quot;slideInUp&quot;,&quot;_animation_delay&quot;:0}\" data-widget_type=\"button.default\">\n\t\t\t\t<div class=\"elementor-widget-container\">\n\t\t\t\t\t\t\t\t\t<div class=\"elementor-button-wrapper\">\n\t\t\t\t\t<a class=\"elementor-button elementor-size-sm\" role=\"button\">\n\t\t\t\t\t\t<span class=\"elementor-button-content-wrapper\">\n\t\t\t\t\t\t<span class=\"elementor-button-icon\">\n\t\t\t\t<i aria-hidden=\"true\" class=\"vamtamtheme- vamtam-theme-check\"><\/i>\t\t\t<\/span>\n\t\t\t\t\t\t\t\t\t<span class=\"elementor-button-text\">T\u1ed1i \u01b0u chi ph\u00ed &amp; hi\u1ec7u su\u1ea5t<\/span>\n\t\t\t\t\t<\/span>\n\t\t\t\t\t<\/a>\n\t\t\t\t<\/div>\n\t\t\t\t\t\t\t\t<\/div>\n\t\t\t\t<\/div>\n\t\t\t\t<div class=\"vamtam-has-theme-widget-styles elementor-element elementor-element-f525386 elementor-invisible elementor-align-justify vamtam-content-align-space-between elementor-widget__width-auto animated-fast vamtam-has-icon-styles vamtam-icon-pos-row elementor-widget elementor-widget-button\" data-id=\"f525386\" data-element_type=\"widget\" data-e-type=\"widget\" data-settings=\"{&quot;_animation&quot;:&quot;slideInUp&quot;,&quot;_animation_delay&quot;:0}\" data-widget_type=\"button.default\">\n\t\t\t\t<div class=\"elementor-widget-container\">\n\t\t\t\t\t\t\t\t\t<div class=\"elementor-button-wrapper\">\n\t\t\t\t\t<a class=\"elementor-button elementor-size-sm\" role=\"button\">\n\t\t\t\t\t\t<span class=\"elementor-button-content-wrapper\">\n\t\t\t\t\t\t<span class=\"elementor-button-icon\">\n\t\t\t\t<i aria-hidden=\"true\" class=\"vamtamtheme- vamtam-theme-check\"><\/i>\t\t\t<\/span>\n\t\t\t\t\t\t\t\t\t<span class=\"elementor-button-text\"> X\u00e2y d\u1ef1ng chi\u1ebfn l\u01b0\u1ee3c hi\u1ec7u qu\u1ea3<\/span>\n\t\t\t\t\t<\/span>\n\t\t\t\t\t<\/a>\n\t\t\t\t<\/div>\n\t\t\t\t\t\t\t\t<\/div>\n\t\t\t\t<\/div>\n\t\t\t\t\t<\/div>\n\t\t\t\t<\/div>\n\t\t<div class=\"elementor-element elementor-element-2ebd9eb e-flex e-con-boxed e-con e-parent\" data-id=\"2ebd9eb\" data-element_type=\"container\" data-e-type=\"container\" data-settings=\"{&quot;background_background&quot;:&quot;classic&quot;}\">\n\t\t\t\t\t<div class=\"e-con-inner\">\n\t\t<div class=\"elementor-element elementor-element-55b59e7 e-con-full e-flex e-con e-child\" data-id=\"55b59e7\" data-element_type=\"container\" data-e-type=\"container\">\n\t\t<div class=\"elementor-element elementor-element-a951450 elementor-invisible e-con-full blur-background animated-fast e-flex e-con e-child\" data-id=\"a951450\" data-element_type=\"container\" data-e-type=\"container\" data-settings=\"{&quot;background_background&quot;:&quot;classic&quot;,&quot;sticky&quot;:&quot;bottom&quot;,&quot;sticky_on&quot;:[&quot;desktop&quot;],&quot;sticky_offset&quot;:60,&quot;sticky_parent&quot;:&quot;yes&quot;,&quot;animation&quot;:&quot;fadeIn&quot;,&quot;sticky_effects_offset&quot;:0,&quot;sticky_anchor_link_offset&quot;:0}\">\n\t\t<div class=\"elementor-element elementor-element-ab8ecae e-con-full e-flex e-con e-child\" data-id=\"ab8ecae\" data-element_type=\"container\" data-e-type=\"container\">\n\t\t\t\t<div class=\"elementor-element elementor-element-aaf5534 elementor-invisible elementor-widget__width-auto animated-fast elementor-widget elementor-widget-heading\" data-id=\"aaf5534\" data-element_type=\"widget\" data-e-type=\"widget\" data-settings=\"{&quot;_animation&quot;:&quot;fadeIn&quot;,&quot;_animation_delay&quot;:50}\" data-widget_type=\"heading.default\">\n\t\t\t\t<div class=\"elementor-widget-container\">\n\t\t\t\t\t<div class=\"elementor-heading-title elementor-size-default\">V\u00ec sao ch\u1ecdn Break Field Vi\u1ec7t Nam<\/div>\t\t\t\t<\/div>\n\t\t\t\t<\/div>\n\t\t\t\t<div class=\"vamtam-has-theme-widget-styles elementor-element elementor-element-ee50d1d elementor-view-stacked elementor-shape-circle elementor-widget elementor-widget-global elementor-global-1819 elementor-widget-icon\" data-id=\"ee50d1d\" data-element_type=\"widget\" data-e-type=\"widget\" data-settings=\"{&quot;motion_fx_motion_fx_scrolling&quot;:&quot;yes&quot;,&quot;motion_fx_rotateZ_effect&quot;:&quot;yes&quot;,&quot;motion_fx_rotateZ_direction&quot;:&quot;negative&quot;,&quot;motion_fx_rotateZ_affectedRange&quot;:{&quot;unit&quot;:&quot;%&quot;,&quot;size&quot;:&quot;&quot;,&quot;sizes&quot;:{&quot;start&quot;:18,&quot;end&quot;:79}},&quot;motion_fx_devices&quot;:[&quot;desktop&quot;],&quot;motion_fx_rotateZ_speed&quot;:{&quot;unit&quot;:&quot;px&quot;,&quot;size&quot;:1,&quot;sizes&quot;:[]}}\" data-widget_type=\"icon.default\">\n\t\t\t\t<div class=\"elementor-widget-container\">\n\t\t\t\t\t\t\t<div class=\"elementor-icon-wrapper\">\n\t\t\t<div class=\"elementor-icon\">\n\t\t\t<i aria-hidden=\"true\" class=\"vamtamtheme- vamtam-theme-sign-star\"><\/i>\t\t\t<\/div>\n\t\t<\/div>\n\t\t\t\t\t\t<\/div>\n\t\t\t\t<\/div>\n\t\t\t\t<\/div>\n\t\t\t\t<div class=\"elementor-element elementor-element-a07bceb elementor-widget elementor-widget-heading\" data-id=\"a07bceb\" data-element_type=\"widget\" data-e-type=\"widget\" data-widget_type=\"heading.default\">\n\t\t\t\t<div class=\"elementor-widget-container\">\n\t\t\t\t\t<h2 class=\"elementor-heading-title elementor-size-default\">Ch\u00fang t\u00f4i <br>l\u1eafng nghe<br>v\u00e0 gi\u1ea3i quy\u1ebft<\/h2>\t\t\t\t<\/div>\n\t\t\t\t<\/div>\n\t\t\t\t<div class=\"elementor-element elementor-element-11447ac elementor-headline--style-rotate elementor-widget__width-auto elementor-widget elementor-widget-animated-headline\" data-id=\"11447ac\" data-element_type=\"widget\" data-e-type=\"widget\" data-settings=\"{&quot;headline_style&quot;:&quot;rotate&quot;,&quot;rotate_iteration_delay&quot;:2000,&quot;animation_type&quot;:&quot;typing&quot;,&quot;loop&quot;:&quot;yes&quot;}\" data-widget_type=\"animated-headline.default\">\n\t\t\t\t<div class=\"elementor-widget-container\">\n\t\t\t\t\t\t\t<div class=\"elementor-headline elementor-headline-animation-type-typing elementor-headline-letters\">\n\t\t\t\t\t<span class=\"elementor-headline-plain-text elementor-headline-text-wrapper\">V\u1ea5n \u0110\u1ec1 C\u1ee7a B\u1ea1n<\/span>\n\t\t\t\t<span class=\"elementor-headline-dynamic-wrapper elementor-headline-text-wrapper\">\n\t\t\t\t<\/span>\n\t\t\t\t<\/div>\n\t\t\t\t\t\t<\/div>\n\t\t\t\t<\/div>\n\t\t<div class=\"elementor-element elementor-element-1fc1335 e-con-full e-flex e-con e-child\" data-id=\"1fc1335\" data-element_type=\"container\" data-e-type=\"container\">\n\t\t\t\t<div class=\"vamtam-has-theme-widget-styles elementor-element elementor-element-adda474 elementor-widget elementor-widget-button\" data-id=\"adda474\" data-element_type=\"widget\" data-e-type=\"widget\" data-widget_type=\"button.default\">\n\t\t\t\t<div class=\"elementor-widget-container\">\n\t\t\t\t\t\t\t\t\t<div class=\"elementor-button-wrapper\">\n\t\t\t\t\t<a class=\"elementor-button elementor-button-link elementor-size-sm\" href=\"https:\/\/breakfield.com.vn\/en\/lien-he\/\">\n\t\t\t\t\t\t<span class=\"elementor-button-content-wrapper\">\n\t\t\t\t\t\t\t\t\t<span class=\"elementor-button-text\">T\u01b0 v\u1ea5n ngay<\/span>\n\t\t\t\t\t<\/span>\n\t\t\t\t\t<\/a>\n\t\t\t\t<\/div>\n\t\t\t\t\t\t\t\t<\/div>\n\t\t\t\t<\/div>\n\t\t\t\t<\/div>\n\t\t\t\t<\/div>\n\t\t\t\t<\/div>\n\t\t\t\t\t<\/div>\n\t\t\t\t<\/div>\n\t\t\t\t<\/div>\n\t\t","protected":false},"excerpt":{"rendered":"<p>T\u1ed4NG QUAN D\u1ecbch v\u1ee5 Digital Marketing &amp; Advertising Break Field Vi\u1ec7t Nam tri\u1ec3n khai c\u00e1c chi\u1ebfn d\u1ecbch Digital Marketing d\u1ef1a tr\u00ean ph\u00e2n t\u00edch d\u1eef li\u1ec7u v\u00e0 h\u00e0nh vi ng\u01b0\u1eddi d\u00f9ng, gi\u00fap doanh nghi\u1ec7p ti\u1ebfp c\u1eadn ch\u00ednh x\u00e1c kh\u00e1ch h\u00e0ng m\u1ee5c ti\u00eau. Mang l\u1ea1i nhi\u1ec1u gi\u00e1 tr\u1ecb: Ti\u1ebfp c\u1eadn \u0111\u00fang kh\u00e1ch h\u00e0ng ti\u1ec1m n\u0103ng Gi\u1ea3m chi&#8230;<\/p>","protected":false},"author":2,"featured_media":9296,"parent":0,"menu_order":0,"comment_status":"closed","ping_status":"closed","template":"","meta":{"uix_meta_title":"","uix_meta_description":"","uix_canonical_url":"","footnotes":""},"class_list":["post-989498","page","type-page","status-publish","has-post-thumbnail","hentry"],"_links":{"self":[{"href":"https:\/\/breakfield.com.vn\/en\/wp-json\/wp\/v2\/pages\/989498","targetHints":{"allow":["GET"]}}],"collection":[{"href":"https:\/\/breakfield.com.vn\/en\/wp-json\/wp\/v2\/pages"}],"about":[{"href":"https:\/\/breakfield.com.vn\/en\/wp-json\/wp\/v2\/types\/page"}],"author":[{"embeddable":true,"href":"https:\/\/breakfield.com.vn\/en\/wp-json\/wp\/v2\/users\/2"}],"replies":[{"embeddable":true,"href":"https:\/\/breakfield.com.vn\/en\/wp-json\/wp\/v2\/comments?post=989498"}],"version-history":[{"count":99,"href":"https:\/\/breakfield.com.vn\/en\/wp-json\/wp\/v2\/pages\/989498\/revisions"}],"predecessor-version":[{"id":990773,"href":"https:\/\/breakfield.com.vn\/en\/wp-json\/wp\/v2\/pages\/989498\/revisions\/990773"}],"wp:featuredmedia":[{"embeddable":true,"href":"https:\/\/breakfield.com.vn\/en\/wp-json\/wp\/v2\/media\/9296"}],"wp:attachment":[{"href":"https:\/\/breakfield.com.vn\/en\/wp-json\/wp\/v2\/media?parent=989498"}],"curies":[{"name":"wp","href":"https:\/\/api.w.org\/{rel}","templated":true}]}}