{"id":989540,"date":"2026-04-08T05:01:57","date_gmt":"2026-04-08T05:01:57","guid":{"rendered":"https:\/\/breakfield.com.vn\/?page_id=989540"},"modified":"2026-05-06T15:20:14","modified_gmt":"2026-05-06T08:20:14","slug":"call-center","status":"publish","type":"page","link":"https:\/\/breakfield.com.vn\/en\/call-center\/","title":{"rendered":"Call Center"},"content":{"rendered":"\t\t<div data-elementor-type=\"wp-page\" data-elementor-id=\"989540\" class=\"elementor elementor-989540\" data-elementor-post-type=\"page\">\n\t\t\t\t<div class=\"elementor-element elementor-element-1babaa91 e-flex e-con-boxed e-con e-parent\" data-id=\"1babaa91\" data-element_type=\"container\" data-e-type=\"container\">\n\t\t\t\t\t<div class=\"e-con-inner\">\n\t\t\t\t<div class=\"elementor-element elementor-element-70741cf6 elementor-invisible elementor-widget__width-auto animated-fast elementor-widget elementor-widget-heading\" data-id=\"70741cf6\" data-element_type=\"widget\" data-e-type=\"widget\" data-settings=\"{&quot;_animation&quot;:&quot;fadeIn&quot;,&quot;_animation_delay&quot;:50}\" data-widget_type=\"heading.default\">\n\t\t\t\t<div class=\"elementor-widget-container\">\n\t\t\t\t\t<div class=\"elementor-heading-title elementor-size-default\">T\u1ed4NG QUAN<\/div>\t\t\t\t<\/div>\n\t\t\t\t<\/div>\n\t\t\t\t<div class=\"elementor-element elementor-element-475a4b0d elementor-invisible elementor-widget__width-initial elementor-widget-mobile__width-inherit animated-fast elementor-widget elementor-widget-heading\" data-id=\"475a4b0d\" data-element_type=\"widget\" data-e-type=\"widget\" data-settings=\"{&quot;_animation&quot;:&quot;fadeIn&quot;}\" data-widget_type=\"heading.default\">\n\t\t\t\t<div class=\"elementor-widget-container\">\n\t\t\t\t\t<h2 class=\"elementor-heading-title elementor-size-default\">Gi\u1ea3i ph\u00e1p Call Center<\/h2>\t\t\t\t<\/div>\n\t\t\t\t<\/div>\n\t\t<div class=\"elementor-element elementor-element-3cf432f5 e-con-full e-flex e-con e-child\" data-id=\"3cf432f5\" data-element_type=\"container\" data-e-type=\"container\">\n\t\t<div class=\"elementor-element elementor-element-37c84061 e-con-full e-flex e-con e-child\" data-id=\"37c84061\" data-element_type=\"container\" data-e-type=\"container\">\n\t\t\t\t<div class=\"vamtam-has-theme-widget-styles elementor-element elementor-element-447ee8b0 elementor-invisible animated-fast elementor-widget-tablet__width-inherit elementor-widget elementor-widget-text-editor\" data-id=\"447ee8b0\" data-element_type=\"widget\" data-e-type=\"widget\" data-settings=\"{&quot;_animation&quot;:&quot;fadeIn&quot;,&quot;_animation_delay&quot;:0}\" data-widget_type=\"text-editor.default\">\n\t\t\t\t<div class=\"elementor-widget-container\">\n\t\t\t\t\t\t\t\t\t<p data-path-to-node=\"3\">Kh\u00f4ng ch\u1ec9 l\u00e0 k\u1ebft n\u1ed1i, ch\u00fang t\u00f4i mang \u0111\u1ebfn h\u1ec7 th\u1ed1ng Call Center to\u00e0n di\u1ec7n gi\u00fap doanh nghi\u1ec7p khai th\u00e1c tri\u1ec7t \u0111\u1ec3 gi\u00e1 tr\u1ecb Data, chu\u1ea9n h\u00f3a quy tr\u00ecnh v\u1eadn h\u00e0nh v\u00e0 bi\u1ebfn m\u1ecdi cu\u1ed9c h\u1ed9i tho\u1ea1i th\u00e0nh c\u01a1 h\u1ed9i t\u0103ng tr\u01b0\u1edfng b\u1ec1n v\u1eefng.<\/p>\t\t\t\t\t\t\t\t<\/div>\n\t\t\t\t<\/div>\n\t\t\t\t<\/div>\n\t\t<div class=\"elementor-element elementor-element-6c63179c e-con-full animated-fast e-flex e-con e-child\" data-id=\"6c63179c\" data-element_type=\"container\" data-e-type=\"container\" data-settings=\"{&quot;animation&quot;:&quot;none&quot;,&quot;animation_delay&quot;:0}\">\n\t\t\t\t<div class=\"vamtam-has-theme-widget-styles elementor-element elementor-element-61967281 vamtam-has-icon-theme-styles elementor-widget elementor-widget-n-accordion\" data-id=\"61967281\" data-element_type=\"widget\" data-e-type=\"widget\" data-settings=\"{&quot;n_accordion_animation_duration&quot;:{&quot;unit&quot;:&quot;ms&quot;,&quot;size&quot;:100,&quot;sizes&quot;:[]},&quot;default_state&quot;:&quot;all_collapsed&quot;,&quot;max_items_expended&quot;:&quot;one&quot;}\" data-widget_type=\"nested-accordion.default\">\n\t\t\t\t<div class=\"elementor-widget-container\">\n\t\t\t\t\t\t\t<div class=\"e-n-accordion\" aria-label=\"Accordion. Open links with Enter or Space, close with Escape, and navigate with Arrow Keys\">\n\t\t\t\t\t\t<details id=\"e-n-accordion-item-1630\" class=\"e-n-accordion-item\" >\n\t\t\t\t<summary class=\"e-n-accordion-item-title\" data-accordion-index=\"1\" tabindex=\"0\" aria-expanded=\"false\" aria-controls=\"e-n-accordion-item-1630\" >\n\t\t\t\t\t<span class='e-n-accordion-item-title-header'><div class=\"e-n-accordion-item-title-text\"> T\u01b0 v\u1ea5n &amp; ch\u0103m s\u00f3c kh\u00e1ch h\u00e0ng chuy\u00ean nghi\u1ec7p <\/div><\/span>\n\t\t\t\t\t\t\t<span class='e-n-accordion-item-title-icon'>\n\t\t\t<span class='e-opened' ><i aria-hidden=\"true\" class=\"vamtamtheme- vamtam-theme-minus\"><\/i><\/span>\n\t\t\t<span class='e-closed'><i aria-hidden=\"true\" class=\"vamtamtheme- vamtam-theme-plus\"><\/i><\/span>\n\t\t<\/span>\n\n\t\t\t\t\t\t<\/summary>\n\t\t\t\t<div role=\"region\" aria-labelledby=\"e-n-accordion-item-1630\" class=\"elementor-element elementor-element-402532e9 e-con-full e-flex e-con e-child\" data-id=\"402532e9\" data-element_type=\"container\" data-e-type=\"container\">\n\t\t\t\t<div class=\"vamtam-has-theme-widget-styles elementor-element elementor-element-3b3437c elementor-widget elementor-widget-text-editor\" data-id=\"3b3437c\" data-element_type=\"widget\" data-e-type=\"widget\" data-widget_type=\"text-editor.default\">\n\t\t\t\t<div class=\"elementor-widget-container\">\n\t\t\t\t\t\t\t\t\t<p><span style=\"font-weight: 400;\">\u0110\u1ed9i ng\u0169 Call Center c\u1ee7a ch\u00fang t\u00f4i \u0111\u01b0\u1ee3c \u0111\u00e0o t\u1ea1o b\u00e0i b\u1ea3n v\u1edbi quy tr\u00ecnh l\u00e0m vi\u1ec7c chuy\u00ean nghi\u1ec7p, \u0111\u1ea3m b\u1ea3o mang \u0111\u1ebfn tr\u1ea3i nghi\u1ec7m t\u1ed1t nh\u1ea5t cho kh\u00e1ch h\u00e0ng trong t\u1eebng cu\u1ed9c g\u1ecdi.<\/span><\/p><ul><li><span style=\"font-weight: 400;\">T\u01b0 v\u1ea5n r\u00f5 r\u00e0ng, \u0111\u00fang nhu c\u1ea7u c\u1ee7a t\u1eebng kh\u00e1ch h\u00e0ng<\/span><\/li><li><span style=\"font-weight: 400;\">K\u1ef9 n\u0103ng giao ti\u1ebfp linh ho\u1ea1t, t\u1ea1o thi\u1ec7n c\u1ea3m ngay t\u1eeb l\u1ea7n ti\u1ebfp x\u00fac \u0111\u1ea7u ti\u00ean<\/span><\/li><li><span style=\"font-weight: 400;\">Ch\u1ee7 \u0111\u1ed9ng h\u1ed7 tr\u1ee3, gi\u1ea3i \u0111\u00e1p th\u1eafc m\u1eafc nhanh ch\u00f3ng<\/span><\/li><li><span style=\"font-weight: 400;\">Duy tr\u00ec t\u01b0\u01a1ng t\u00e1c v\u00e0 ch\u0103m s\u00f3c kh\u00e1ch h\u00e0ng xuy\u00ean su\u1ed1t h\u00e0nh tr\u00ecnh<\/span><\/li><\/ul><p><span style=\"font-weight: 400;\">\u27a1\ufe0f<\/span><b><i>Gi\u00fap n\u00e2ng cao m\u1ee9c \u0111\u1ed9 h\u00e0i l\u00f2ng v\u00e0 x\u00e2y d\u1ef1ng ni\u1ec1m tin v\u1edbi kh\u00e1ch h\u00e0ng<\/i><\/b><\/p>\t\t\t\t\t\t\t\t<\/div>\n\t\t\t\t<\/div>\n\t\t\t\t<\/div>\n\t\t\t\t\t<\/details>\n\t\t\t\t\t\t<details id=\"e-n-accordion-item-1631\" class=\"e-n-accordion-item\" >\n\t\t\t\t<summary class=\"e-n-accordion-item-title\" data-accordion-index=\"2\" tabindex=\"-1\" aria-expanded=\"false\" aria-controls=\"e-n-accordion-item-1631\" >\n\t\t\t\t\t<span class='e-n-accordion-item-title-header'><div class=\"e-n-accordion-item-title-text\"> T\u0103ng t\u1ec9 l\u1ec7 chuy\u1ec3n \u0111\u1ed5i t\u1eeb data s\u1eb5n c\u00f3 <\/div><\/span>\n\t\t\t\t\t\t\t<span class='e-n-accordion-item-title-icon'>\n\t\t\t<span class='e-opened' ><i aria-hidden=\"true\" class=\"vamtamtheme- vamtam-theme-minus\"><\/i><\/span>\n\t\t\t<span class='e-closed'><i aria-hidden=\"true\" class=\"vamtamtheme- vamtam-theme-plus\"><\/i><\/span>\n\t\t<\/span>\n\n\t\t\t\t\t\t<\/summary>\n\t\t\t\t<div role=\"region\" aria-labelledby=\"e-n-accordion-item-1631\" class=\"elementor-element elementor-element-5a033109 e-con-full e-flex e-con e-child\" data-id=\"5a033109\" data-element_type=\"container\" data-e-type=\"container\">\n\t\t\t\t<div class=\"vamtam-has-theme-widget-styles elementor-element elementor-element-1c9f4e65 elementor-widget elementor-widget-text-editor\" data-id=\"1c9f4e65\" data-element_type=\"widget\" data-e-type=\"widget\" data-widget_type=\"text-editor.default\">\n\t\t\t\t<div class=\"elementor-widget-container\">\n\t\t\t\t\t\t\t\t\t<p><span style=\"font-weight: 400;\">Kh\u00f4ng ch\u1ec9 d\u1eebng l\u1ea1i \u1edf vi\u1ec7c li\u00ean h\u1ec7, Call Center t\u1eadp trung khai th\u00e1c t\u1ed1i \u0111a gi\u00e1 tr\u1ecb t\u1eeb ngu\u1ed3n data hi\u1ec7n c\u00f3 \u0111\u1ec3 gia t\u0103ng hi\u1ec7u qu\u1ea3 kinh doanh.<\/span><\/p><ul><li style=\"font-weight: 400;\" aria-level=\"1\"><span style=\"font-weight: 400;\">Ph\u00e2n lo\u1ea1i v\u00e0 \u01b0u ti\u00ean data theo m\u1ee9c \u0111\u1ed9 ti\u1ec1m n\u0103ng<\/span><\/li><li style=\"font-weight: 400;\" aria-level=\"1\"><span style=\"font-weight: 400;\">Ti\u1ebfp c\u1eadn \u0111\u00fang th\u1eddi \u0111i\u1ec3m, \u0111\u00fang \u0111\u1ed1i t\u01b0\u1ee3ng<\/span><\/li><li style=\"font-weight: 400;\" aria-level=\"1\"><span style=\"font-weight: 400;\">\u00c1p d\u1ee5ng k\u1ecbch b\u1ea3n t\u01b0 v\u1ea5n t\u1ed1i \u01b0u theo t\u1eebng nh\u00f3m kh\u00e1ch h\u00e0ng<\/span><\/li><li style=\"font-weight: 400;\" aria-level=\"1\"><span style=\"font-weight: 400;\">K\u1ebft h\u1ee3p follow-up \u0111\u1ec3 gia t\u0103ng c\u01a1 h\u1ed9i chuy\u1ec3n \u0111\u1ed5i<\/span><\/li><\/ul><p><b><i>\u27a1\ufe0f Gi\u00fap bi\u1ebfn data th\u00e0nh kh\u00e1ch h\u00e0ng th\u1ef1c t\u1ebf, t\u1ed1i \u01b0u chi ph\u00ed marketing<\/i><\/b><\/p>\t\t\t\t\t\t\t\t<\/div>\n\t\t\t\t<\/div>\n\t\t\t\t<\/div>\n\t\t\t\t\t<\/details>\n\t\t\t\t\t\t<details id=\"e-n-accordion-item-1632\" class=\"e-n-accordion-item\" >\n\t\t\t\t<summary class=\"e-n-accordion-item-title\" data-accordion-index=\"3\" tabindex=\"-1\" aria-expanded=\"false\" aria-controls=\"e-n-accordion-item-1632\" >\n\t\t\t\t\t<span class='e-n-accordion-item-title-header'><div class=\"e-n-accordion-item-title-text\"> Chu\u1ea9n h\u00f3a quy tr\u00ecnh sale theo h\u1ec7 th\u1ed1ng <\/div><\/span>\n\t\t\t\t\t\t\t<span class='e-n-accordion-item-title-icon'>\n\t\t\t<span class='e-opened' ><i aria-hidden=\"true\" class=\"vamtamtheme- vamtam-theme-minus\"><\/i><\/span>\n\t\t\t<span class='e-closed'><i aria-hidden=\"true\" class=\"vamtamtheme- vamtam-theme-plus\"><\/i><\/span>\n\t\t<\/span>\n\n\t\t\t\t\t\t<\/summary>\n\t\t\t\t<div role=\"region\" aria-labelledby=\"e-n-accordion-item-1632\" class=\"elementor-element elementor-element-14b95ee8 e-con-full e-flex e-con e-child\" data-id=\"14b95ee8\" data-element_type=\"container\" data-e-type=\"container\">\n\t\t\t\t<div class=\"vamtam-has-theme-widget-styles elementor-element elementor-element-6e30898e elementor-widget elementor-widget-text-editor\" data-id=\"6e30898e\" data-element_type=\"widget\" data-e-type=\"widget\" data-widget_type=\"text-editor.default\">\n\t\t\t\t<div class=\"elementor-widget-container\">\n\t\t\t\t\t\t\t\t\t<p><span style=\"font-weight: 400;\">Ch\u00fang t\u00f4i x\u00e2y d\u1ef1ng quy tr\u00ecnh b\u00e1n h\u00e0ng b\u00e0i b\u1ea3n, \u0111\u1ed3ng b\u1ed9 v\u00e0 c\u00f3 th\u1ec3 \u0111o l\u01b0\u1eddng, gi\u00fap \u0111\u1ea3m b\u1ea3o hi\u1ec7u su\u1ea5t v\u00e0 ch\u1ea5t l\u01b0\u1ee3ng \u0111\u1ea7u ra.<\/span><\/p><ul><li style=\"font-weight: 400;\" aria-level=\"1\"><span style=\"font-weight: 400;\">Thi\u1ebft l\u1eadp quy tr\u00ecnh t\u1eeb ti\u1ebfp c\u1eadn \u2192 t\u01b0 v\u1ea5n \u2192 x\u1eed l\u00fd \u2192 ch\u1ed1t h\u1ee3p \u0111\u1ed3ng<\/span><\/li><li style=\"font-weight: 400;\" aria-level=\"1\"><span style=\"font-weight: 400;\">Chu\u1ea9n h\u00f3a k\u1ecbch b\u1ea3n g\u1ecdi \u0111i\u1ec7n (talk script)<\/span><\/li><li style=\"font-weight: 400;\" aria-level=\"1\"><span style=\"font-weight: 400;\">Theo d\u00f5i v\u00e0 \u0111\u00e1nh gi\u00e1 hi\u1ec7u qu\u1ea3 qua t\u1eebng giai \u0111o\u1ea1n<\/span><\/li><li style=\"font-weight: 400;\" aria-level=\"1\"><span style=\"font-weight: 400;\">Li\u00ean t\u1ee5c c\u1ea3i ti\u1ebfn d\u1ef1a tr\u00ean d\u1eef li\u1ec7u v\u00e0 k\u1ebft qu\u1ea3 th\u1ef1c t\u1ebf<\/span><\/li><\/ul><p><b><i>\u27a1\ufe0f Gi\u00fap doanh nghi\u1ec7p v\u1eadn h\u00e0nh \u1ed5n \u0111\u1ecbnh, d\u1ec5 d\u00e0ng m\u1edf r\u1ed9ng (scale) v\u00e0 ki\u1ec3m so\u00e1t hi\u1ec7u qu\u1ea3<\/i><\/b><\/p>\t\t\t\t\t\t\t\t<\/div>\n\t\t\t\t<\/div>\n\t\t\t\t<\/div>\n\t\t\t\t\t<\/details>\n\t\t\t\t\t<\/div>\n\t\t\t\t\t\t<\/div>\n\t\t\t\t<\/div>\n\t\t\t\t<\/div>\n\t\t\t\t<\/div>\n\t\t\t\t\t<\/div>\n\t\t\t\t<\/div>\n\t\t<div class=\"elementor-element elementor-element-69420841 e-flex e-con-boxed e-con e-parent\" data-id=\"69420841\" data-element_type=\"container\" data-e-type=\"container\">\n\t\t\t\t\t<div class=\"e-con-inner\">\n\t\t\t\t<div class=\"vamtam-has-theme-widget-styles elementor-element elementor-element-4a584db elementor-invisible elementor-align-justify vamtam-content-align-space-between elementor-widget__width-auto animated-fast vamtam-has-icon-styles vamtam-icon-pos-row elementor-widget elementor-widget-button\" data-id=\"4a584db\" data-element_type=\"widget\" data-e-type=\"widget\" data-settings=\"{&quot;_animation&quot;:&quot;slideInUp&quot;,&quot;_animation_delay&quot;:0}\" data-widget_type=\"button.default\">\n\t\t\t\t<div class=\"elementor-widget-container\">\n\t\t\t\t\t\t\t\t\t<div class=\"elementor-button-wrapper\">\n\t\t\t\t\t<a class=\"elementor-button elementor-size-sm\" role=\"button\">\n\t\t\t\t\t\t<span class=\"elementor-button-content-wrapper\">\n\t\t\t\t\t\t<span class=\"elementor-button-icon\">\n\t\t\t\t<i aria-hidden=\"true\" class=\"vamtamtheme- vamtam-theme-check\"><\/i>\t\t\t<\/span>\n\t\t\t\t\t\t\t\t\t<span class=\"elementor-button-text\">K\u1ebft n\u1ed1i th\u00f4ng minh<\/span>\n\t\t\t\t\t<\/span>\n\t\t\t\t\t<\/a>\n\t\t\t\t<\/div>\n\t\t\t\t\t\t\t\t<\/div>\n\t\t\t\t<\/div>\n\t\t\t\t<div class=\"vamtam-has-theme-widget-styles elementor-element elementor-element-c0e3c58 elementor-invisible elementor-align-justify vamtam-content-align-space-between elementor-widget__width-auto animated-fast vamtam-has-icon-styles vamtam-icon-pos-row elementor-widget elementor-widget-button\" data-id=\"c0e3c58\" data-element_type=\"widget\" data-e-type=\"widget\" data-settings=\"{&quot;_animation&quot;:&quot;slideInUp&quot;,&quot;_animation_delay&quot;:0}\" data-widget_type=\"button.default\">\n\t\t\t\t<div class=\"elementor-widget-container\">\n\t\t\t\t\t\t\t\t\t<div class=\"elementor-button-wrapper\">\n\t\t\t\t\t<a class=\"elementor-button elementor-size-sm\" role=\"button\">\n\t\t\t\t\t\t<span class=\"elementor-button-content-wrapper\">\n\t\t\t\t\t\t<span class=\"elementor-button-icon\">\n\t\t\t\t<i aria-hidden=\"true\" class=\"vamtamtheme- vamtam-theme-check\"><\/i>\t\t\t<\/span>\n\t\t\t\t\t\t\t\t\t<span class=\"elementor-button-text\">\u0110\u1ed9t ph\u00e1 doanh s\u1ed1<\/span>\n\t\t\t\t\t<\/span>\n\t\t\t\t\t<\/a>\n\t\t\t\t<\/div>\n\t\t\t\t\t\t\t\t<\/div>\n\t\t\t\t<\/div>\n\t\t\t\t<div class=\"vamtam-has-theme-widget-styles elementor-element elementor-element-23a9561 elementor-invisible elementor-align-justify vamtam-content-align-space-between elementor-widget__width-auto animated-fast vamtam-has-icon-styles vamtam-icon-pos-row elementor-widget elementor-widget-button\" data-id=\"23a9561\" data-element_type=\"widget\" data-e-type=\"widget\" data-settings=\"{&quot;_animation&quot;:&quot;slideInUp&quot;,&quot;_animation_delay&quot;:0}\" data-widget_type=\"button.default\">\n\t\t\t\t<div class=\"elementor-widget-container\">\n\t\t\t\t\t\t\t\t\t<div class=\"elementor-button-wrapper\">\n\t\t\t\t\t<a class=\"elementor-button elementor-size-sm\" role=\"button\">\n\t\t\t\t\t\t<span class=\"elementor-button-content-wrapper\">\n\t\t\t\t\t\t<span class=\"elementor-button-icon\">\n\t\t\t\t<i aria-hidden=\"true\" class=\"vamtamtheme- vamtam-theme-check\"><\/i>\t\t\t<\/span>\n\t\t\t\t\t\t\t\t\t<span class=\"elementor-button-text\">T\u0103ng tr\u01b0\u1edfng b\u1ec1n v\u1eefng<\/span>\n\t\t\t\t\t<\/span>\n\t\t\t\t\t<\/a>\n\t\t\t\t<\/div>\n\t\t\t\t\t\t\t\t<\/div>\n\t\t\t\t<\/div>\n\t\t\t\t\t<\/div>\n\t\t\t\t<\/div>\n\t\t<div class=\"elementor-element elementor-element-1c4ac0d e-flex e-con-boxed e-con e-parent\" data-id=\"1c4ac0d\" data-element_type=\"container\" data-e-type=\"container\" data-settings=\"{&quot;background_background&quot;:&quot;classic&quot;}\">\n\t\t\t\t\t<div class=\"e-con-inner\">\n\t\t<div class=\"elementor-element elementor-element-3225156 e-con-full e-flex e-con e-child\" data-id=\"3225156\" data-element_type=\"container\" data-e-type=\"container\">\n\t\t<div class=\"elementor-element elementor-element-3d849b3 elementor-invisible e-con-full blur-background animated-fast e-flex e-con e-child\" data-id=\"3d849b3\" data-element_type=\"container\" data-e-type=\"container\" data-settings=\"{&quot;background_background&quot;:&quot;classic&quot;,&quot;sticky&quot;:&quot;bottom&quot;,&quot;sticky_on&quot;:[&quot;desktop&quot;],&quot;sticky_offset&quot;:60,&quot;sticky_parent&quot;:&quot;yes&quot;,&quot;animation&quot;:&quot;fadeIn&quot;,&quot;sticky_effects_offset&quot;:0,&quot;sticky_anchor_link_offset&quot;:0}\">\n\t\t<div class=\"elementor-element elementor-element-bd69069 e-con-full e-flex e-con e-child\" data-id=\"bd69069\" data-element_type=\"container\" data-e-type=\"container\">\n\t\t\t\t<div class=\"elementor-element elementor-element-5ae1e54 elementor-invisible elementor-widget__width-auto animated-fast elementor-widget elementor-widget-heading\" data-id=\"5ae1e54\" data-element_type=\"widget\" data-e-type=\"widget\" data-settings=\"{&quot;_animation&quot;:&quot;fadeIn&quot;,&quot;_animation_delay&quot;:50}\" data-widget_type=\"heading.default\">\n\t\t\t\t<div class=\"elementor-widget-container\">\n\t\t\t\t\t<div class=\"elementor-heading-title elementor-size-default\">V\u00ec sao ch\u1ecdn Break Field Vi\u1ec7t Nam<\/div>\t\t\t\t<\/div>\n\t\t\t\t<\/div>\n\t\t\t\t<div class=\"vamtam-has-theme-widget-styles elementor-element elementor-element-e76b44d elementor-view-stacked elementor-shape-circle elementor-widget elementor-widget-global elementor-global-1819 elementor-widget-icon\" data-id=\"e76b44d\" data-element_type=\"widget\" data-e-type=\"widget\" data-settings=\"{&quot;motion_fx_motion_fx_scrolling&quot;:&quot;yes&quot;,&quot;motion_fx_rotateZ_effect&quot;:&quot;yes&quot;,&quot;motion_fx_rotateZ_direction&quot;:&quot;negative&quot;,&quot;motion_fx_rotateZ_affectedRange&quot;:{&quot;unit&quot;:&quot;%&quot;,&quot;size&quot;:&quot;&quot;,&quot;sizes&quot;:{&quot;start&quot;:18,&quot;end&quot;:79}},&quot;motion_fx_devices&quot;:[&quot;desktop&quot;],&quot;motion_fx_rotateZ_speed&quot;:{&quot;unit&quot;:&quot;px&quot;,&quot;size&quot;:1,&quot;sizes&quot;:[]}}\" data-widget_type=\"icon.default\">\n\t\t\t\t<div class=\"elementor-widget-container\">\n\t\t\t\t\t\t\t<div class=\"elementor-icon-wrapper\">\n\t\t\t<div class=\"elementor-icon\">\n\t\t\t<i aria-hidden=\"true\" class=\"vamtamtheme- vamtam-theme-sign-star\"><\/i>\t\t\t<\/div>\n\t\t<\/div>\n\t\t\t\t\t\t<\/div>\n\t\t\t\t<\/div>\n\t\t\t\t<\/div>\n\t\t\t\t<div class=\"elementor-element elementor-element-fd04216 elementor-widget elementor-widget-heading\" data-id=\"fd04216\" data-element_type=\"widget\" data-e-type=\"widget\" data-widget_type=\"heading.default\">\n\t\t\t\t<div class=\"elementor-widget-container\">\n\t\t\t\t\t<h2 class=\"elementor-heading-title elementor-size-default\">Ch\u00fang t\u00f4i <br>l\u1eafng nghe<br>v\u00e0 gi\u1ea3i quy\u1ebft<\/h2>\t\t\t\t<\/div>\n\t\t\t\t<\/div>\n\t\t\t\t<div class=\"elementor-element elementor-element-e086387 elementor-headline--style-rotate elementor-widget__width-auto elementor-widget elementor-widget-animated-headline\" data-id=\"e086387\" data-element_type=\"widget\" data-e-type=\"widget\" data-settings=\"{&quot;headline_style&quot;:&quot;rotate&quot;,&quot;rotate_iteration_delay&quot;:2000,&quot;animation_type&quot;:&quot;typing&quot;,&quot;loop&quot;:&quot;yes&quot;}\" data-widget_type=\"animated-headline.default\">\n\t\t\t\t<div class=\"elementor-widget-container\">\n\t\t\t\t\t\t\t<div class=\"elementor-headline elementor-headline-animation-type-typing elementor-headline-letters\">\n\t\t\t\t\t<span class=\"elementor-headline-plain-text elementor-headline-text-wrapper\">V\u1ea5n \u0110\u1ec1 C\u1ee7a B\u1ea1n<\/span>\n\t\t\t\t<span class=\"elementor-headline-dynamic-wrapper elementor-headline-text-wrapper\">\n\t\t\t\t<\/span>\n\t\t\t\t<\/div>\n\t\t\t\t\t\t<\/div>\n\t\t\t\t<\/div>\n\t\t<div class=\"elementor-element elementor-element-8a8f3fb e-con-full e-flex e-con e-child\" data-id=\"8a8f3fb\" data-element_type=\"container\" data-e-type=\"container\">\n\t\t\t\t<div class=\"vamtam-has-theme-widget-styles elementor-element elementor-element-70961a8 elementor-widget elementor-widget-button\" data-id=\"70961a8\" data-element_type=\"widget\" data-e-type=\"widget\" data-widget_type=\"button.default\">\n\t\t\t\t<div class=\"elementor-widget-container\">\n\t\t\t\t\t\t\t\t\t<div class=\"elementor-button-wrapper\">\n\t\t\t\t\t<a class=\"elementor-button elementor-button-link elementor-size-sm\" href=\"https:\/\/breakfield.com.vn\/en\/lien-he\/\">\n\t\t\t\t\t\t<span class=\"elementor-button-content-wrapper\">\n\t\t\t\t\t\t\t\t\t<span class=\"elementor-button-text\">T\u01b0 v\u1ea5n ngay<\/span>\n\t\t\t\t\t<\/span>\n\t\t\t\t\t<\/a>\n\t\t\t\t<\/div>\n\t\t\t\t\t\t\t\t<\/div>\n\t\t\t\t<\/div>\n\t\t\t\t<\/div>\n\t\t\t\t<\/div>\n\t\t\t\t<\/div>\n\t\t\t\t\t<\/div>\n\t\t\t\t<\/div>\n\t\t\t\t<\/div>\n\t\t","protected":false},"excerpt":{"rendered":"<p>T\u1ed4NG QUAN Gi\u1ea3i ph\u00e1p Call Center Kh\u00f4ng ch\u1ec9 l\u00e0 k\u1ebft n\u1ed1i, ch\u00fang t\u00f4i mang \u0111\u1ebfn h\u1ec7 th\u1ed1ng Call Center to\u00e0n di\u1ec7n gi\u00fap doanh nghi\u1ec7p khai th\u00e1c tri\u1ec7t \u0111\u1ec3 gi\u00e1 tr\u1ecb Data, chu\u1ea9n h\u00f3a quy tr\u00ecnh v\u1eadn h\u00e0nh v\u00e0 bi\u1ebfn m\u1ecdi cu\u1ed9c h\u1ed9i tho\u1ea1i th\u00e0nh c\u01a1 h\u1ed9i t\u0103ng tr\u01b0\u1edfng b\u1ec1n v\u1eefng. T\u01b0 v\u1ea5n &amp; ch\u0103m s\u00f3c&#8230;<\/p>","protected":false},"author":2,"featured_media":4395,"parent":0,"menu_order":0,"comment_status":"closed","ping_status":"closed","template":"","meta":{"uix_meta_title":"","uix_meta_description":"","uix_canonical_url":"","footnotes":""},"class_list":["post-989540","page","type-page","status-publish","has-post-thumbnail","hentry"],"_links":{"self":[{"href":"https:\/\/breakfield.com.vn\/en\/wp-json\/wp\/v2\/pages\/989540","targetHints":{"allow":["GET"]}}],"collection":[{"href":"https:\/\/breakfield.com.vn\/en\/wp-json\/wp\/v2\/pages"}],"about":[{"href":"https:\/\/breakfield.com.vn\/en\/wp-json\/wp\/v2\/types\/page"}],"author":[{"embeddable":true,"href":"https:\/\/breakfield.com.vn\/en\/wp-json\/wp\/v2\/users\/2"}],"replies":[{"embeddable":true,"href":"https:\/\/breakfield.com.vn\/en\/wp-json\/wp\/v2\/comments?post=989540"}],"version-history":[{"count":56,"href":"https:\/\/breakfield.com.vn\/en\/wp-json\/wp\/v2\/pages\/989540\/revisions"}],"predecessor-version":[{"id":990746,"href":"https:\/\/breakfield.com.vn\/en\/wp-json\/wp\/v2\/pages\/989540\/revisions\/990746"}],"wp:featuredmedia":[{"embeddable":true,"href":"https:\/\/breakfield.com.vn\/en\/wp-json\/wp\/v2\/media\/4395"}],"wp:attachment":[{"href":"https:\/\/breakfield.com.vn\/en\/wp-json\/wp\/v2\/media?parent=989540"}],"curies":[{"name":"wp","href":"https:\/\/api.w.org\/{rel}","templated":true}]}}