{"id":989557,"date":"2026-04-08T05:17:55","date_gmt":"2026-04-08T05:17:55","guid":{"rendered":"https:\/\/breakfield.com.vn\/?page_id=989557"},"modified":"2026-05-06T15:27:13","modified_gmt":"2026-05-06T08:27:13","slug":"dai-ly-phan-phoi-bao-hiem","status":"publish","type":"page","link":"https:\/\/breakfield.com.vn\/en\/dai-ly-phan-phoi-bao-hiem\/","title":{"rendered":"Insurance Distribution"},"content":{"rendered":"\t\t<div data-elementor-type=\"wp-page\" data-elementor-id=\"989557\" class=\"elementor elementor-989557\" data-elementor-post-type=\"page\">\n\t\t\t\t<div class=\"elementor-element elementor-element-7f3a60ba e-flex e-con-boxed e-con e-parent\" data-id=\"7f3a60ba\" data-element_type=\"container\" data-e-type=\"container\">\n\t\t\t\t\t<div class=\"e-con-inner\">\n\t\t\t\t<div class=\"elementor-element elementor-element-799daeca elementor-invisible elementor-widget__width-auto animated-fast elementor-widget elementor-widget-heading\" data-id=\"799daeca\" data-element_type=\"widget\" data-e-type=\"widget\" data-settings=\"{&quot;_animation&quot;:&quot;fadeIn&quot;,&quot;_animation_delay&quot;:50}\" data-widget_type=\"heading.default\">\n\t\t\t\t<div class=\"elementor-widget-container\">\n\t\t\t\t\t<div class=\"elementor-heading-title elementor-size-default\">T\u1ed4NG QUAN<\/div>\t\t\t\t<\/div>\n\t\t\t\t<\/div>\n\t\t\t\t<div class=\"elementor-element elementor-element-4010859c elementor-invisible elementor-widget__width-initial elementor-widget-mobile__width-inherit animated-fast elementor-widget elementor-widget-heading\" data-id=\"4010859c\" data-element_type=\"widget\" data-e-type=\"widget\" data-settings=\"{&quot;_animation&quot;:&quot;fadeIn&quot;}\" data-widget_type=\"heading.default\">\n\t\t\t\t<div class=\"elementor-widget-container\">\n\t\t\t\t\t<h2 class=\"elementor-heading-title elementor-size-default\">H\u1ec7 th\u1ed1ng \u0110\u1ea1i l\u00fd ph\u00e2n ph\u1ed1i b\u1ea3o hi\u1ec3m<\/h2>\t\t\t\t<\/div>\n\t\t\t\t<\/div>\n\t\t<div class=\"elementor-element elementor-element-56face9a e-con-full e-flex e-con e-child\" data-id=\"56face9a\" data-element_type=\"container\" data-e-type=\"container\">\n\t\t<div class=\"elementor-element elementor-element-28cf7dd e-con-full e-flex e-con e-child\" data-id=\"28cf7dd\" data-element_type=\"container\" data-e-type=\"container\">\n\t\t\t\t<div class=\"vamtam-has-theme-widget-styles elementor-element elementor-element-49b6cde5 elementor-invisible animated-fast elementor-widget-tablet__width-inherit elementor-widget elementor-widget-text-editor\" data-id=\"49b6cde5\" data-element_type=\"widget\" data-e-type=\"widget\" data-settings=\"{&quot;_animation&quot;:&quot;fadeIn&quot;,&quot;_animation_delay&quot;:0}\" data-widget_type=\"text-editor.default\">\n\t\t\t\t<div class=\"elementor-widget-container\">\n\t\t\t\t\t\t\t\t\t<p>Ch\u00fang t\u00f4i gi\u00fap doanh nghi\u1ec7p b\u1ee9t ph\u00e1 doanh thu th\u00f4ng qua m\u1ea1ng l\u01b0\u1edbi ph\u00e2n ph\u1ed1i \u0111a k\u00eanh hi\u1ec7n \u0111\u1ea1i. B\u1eb1ng vi\u1ec7c k\u1ebft h\u1ee3p \u0111\u1ed9i ng\u0169 chuy\u00ean gia \u0111\u1ea1t chu\u1ea9n v\u00e0 quy tr\u00ecnh t\u1ed1i \u01b0u Data s\u1eb5n c\u00f3, ch\u00fang t\u00f4i cam k\u1ebft m\u1edf r\u1ed9ng \u0111\u1ed9 ph\u1ee7 th\u1ecb tr\u01b0\u1eddng v\u00e0 chuy\u1ec3n \u0111\u1ed5i m\u1ecdi c\u01a1 h\u1ed9i th\u00e0nh h\u1ee3p \u0111\u1ed3ng b\u1ea3o hi\u1ec3m gi\u00e1 tr\u1ecb.<\/p>\t\t\t\t\t\t\t\t<\/div>\n\t\t\t\t<\/div>\n\t\t\t\t<\/div>\n\t\t<div class=\"elementor-element elementor-element-2e625c7e e-con-full animated-fast e-flex e-con e-child\" data-id=\"2e625c7e\" data-element_type=\"container\" data-e-type=\"container\" data-settings=\"{&quot;animation&quot;:&quot;none&quot;,&quot;animation_delay&quot;:0}\">\n\t\t\t\t<div class=\"vamtam-has-theme-widget-styles elementor-element elementor-element-6e1be34e vamtam-has-icon-theme-styles elementor-widget elementor-widget-n-accordion\" data-id=\"6e1be34e\" data-element_type=\"widget\" data-e-type=\"widget\" data-settings=\"{&quot;n_accordion_animation_duration&quot;:{&quot;unit&quot;:&quot;ms&quot;,&quot;size&quot;:100,&quot;sizes&quot;:[]},&quot;default_state&quot;:&quot;all_collapsed&quot;,&quot;max_items_expended&quot;:&quot;one&quot;}\" data-widget_type=\"nested-accordion.default\">\n\t\t\t\t<div class=\"elementor-widget-container\">\n\t\t\t\t\t\t\t<div class=\"e-n-accordion\" aria-label=\"Accordion. Open links with Enter or Space, close with Escape, and navigate with Arrow Keys\">\n\t\t\t\t\t\t<details id=\"e-n-accordion-item-1840\" class=\"e-n-accordion-item\" >\n\t\t\t\t<summary class=\"e-n-accordion-item-title\" data-accordion-index=\"1\" tabindex=\"0\" aria-expanded=\"false\" aria-controls=\"e-n-accordion-item-1840\" >\n\t\t\t\t\t<span class='e-n-accordion-item-title-header'><div class=\"e-n-accordion-item-title-text\"> M\u1edf r\u1ed9ng k\u00eanh b\u00e1n h\u00e0ng hi\u1ec7u qu\u1ea3 <\/div><\/span>\n\t\t\t\t\t\t\t<span class='e-n-accordion-item-title-icon'>\n\t\t\t<span class='e-opened' ><i aria-hidden=\"true\" class=\"vamtamtheme- vamtam-theme-minus\"><\/i><\/span>\n\t\t\t<span class='e-closed'><i aria-hidden=\"true\" class=\"vamtamtheme- vamtam-theme-plus\"><\/i><\/span>\n\t\t<\/span>\n\n\t\t\t\t\t\t<\/summary>\n\t\t\t\t<div role=\"region\" aria-labelledby=\"e-n-accordion-item-1840\" class=\"elementor-element elementor-element-a0fb870 e-con-full e-flex e-con e-child\" data-id=\"a0fb870\" data-element_type=\"container\" data-e-type=\"container\">\n\t\t\t\t<div class=\"vamtam-has-theme-widget-styles elementor-element elementor-element-37c674ae elementor-widget elementor-widget-text-editor\" data-id=\"37c674ae\" data-element_type=\"widget\" data-e-type=\"widget\" data-widget_type=\"text-editor.default\">\n\t\t\t\t<div class=\"elementor-widget-container\">\n\t\t\t\t\t\t\t\t\t<p><span style=\"font-weight: 400;\">Ch\u00fang t\u00f4i gi\u00fap doanh nghi\u1ec7p m\u1edf r\u1ed9ng m\u1ea1ng l\u01b0\u1edbi ph\u00e2n ph\u1ed1i b\u1ea3o hi\u1ec3m th\u00f4ng qua h\u1ec7 sinh th\u00e1i \u0111a k\u00eanh, k\u1ebft h\u1ee3p gi\u1eefa digital marketing v\u00e0 \u0111\u1ed9i ng\u0169 t\u01b0 v\u1ea5n tr\u1ef1c ti\u1ebfp.<\/span><\/p><ul><li style=\"font-weight: 400;\" aria-level=\"1\"><span style=\"font-weight: 400;\">Khai th\u00e1c \u0111a d\u1ea1ng k\u00eanh ti\u1ebfp c\u1eadn: website, qu\u1ea3ng c\u00e1o, call center<\/span><\/li><li style=\"font-weight: 400;\" aria-level=\"1\"><span style=\"font-weight: 400;\">Ti\u1ebfp c\u1eadn \u0111\u00fang nh\u00f3m kh\u00e1ch h\u00e0ng m\u1ee5c ti\u00eau<\/span><\/li><li style=\"font-weight: 400;\" aria-level=\"1\"><span style=\"font-weight: 400;\">T\u1eadn d\u1ee5ng ngu\u1ed3n data s\u1eb5n c\u00f3 \u0111\u1ec3 gia t\u0103ng c\u01a1 h\u1ed9i b\u00e1n h\u00e0ng<\/span><\/li><li style=\"font-weight: 400;\" aria-level=\"1\"><span style=\"font-weight: 400;\">Tri\u1ec3n khai nhanh ch\u00f3ng, linh ho\u1ea1t theo t\u1eebng chi\u1ebfn d\u1ecbch<\/span><\/li><\/ul><p><span style=\"font-weight: 400;\">\u27a1\ufe0f Gi\u00fap doanh nghi\u1ec7p m\u1edf r\u1ed9ng \u0111\u1ed9 ph\u1ee7 th\u1ecb tr\u01b0\u1eddng v\u00e0 ti\u1ebfp c\u1eadn kh\u00e1ch h\u00e0ng ti\u1ec1m n\u0103ng m\u1ed9t c\u00e1ch hi\u1ec7u qu\u1ea3<\/span><\/p>\t\t\t\t\t\t\t\t<\/div>\n\t\t\t\t<\/div>\n\t\t\t\t<\/div>\n\t\t\t\t\t<\/details>\n\t\t\t\t\t\t<details id=\"e-n-accordion-item-1841\" class=\"e-n-accordion-item\" >\n\t\t\t\t<summary class=\"e-n-accordion-item-title\" data-accordion-index=\"2\" tabindex=\"-1\" aria-expanded=\"false\" aria-controls=\"e-n-accordion-item-1841\" >\n\t\t\t\t\t<span class='e-n-accordion-item-title-header'><div class=\"e-n-accordion-item-title-text\"> T\u0103ng doanh thu t\u1eeb s\u1ea3n ph\u1ea9m t\u00e0i ch\u00ednh \u2013 b\u1ea3o hi\u1ec3m <\/div><\/span>\n\t\t\t\t\t\t\t<span class='e-n-accordion-item-title-icon'>\n\t\t\t<span class='e-opened' ><i aria-hidden=\"true\" class=\"vamtamtheme- vamtam-theme-minus\"><\/i><\/span>\n\t\t\t<span class='e-closed'><i aria-hidden=\"true\" class=\"vamtamtheme- vamtam-theme-plus\"><\/i><\/span>\n\t\t<\/span>\n\n\t\t\t\t\t\t<\/summary>\n\t\t\t\t<div role=\"region\" aria-labelledby=\"e-n-accordion-item-1841\" class=\"elementor-element elementor-element-840f9df e-con-full e-flex e-con e-child\" data-id=\"840f9df\" data-element_type=\"container\" data-e-type=\"container\">\n\t\t\t\t<div class=\"vamtam-has-theme-widget-styles elementor-element elementor-element-26626a7b elementor-widget elementor-widget-text-editor\" data-id=\"26626a7b\" data-element_type=\"widget\" data-e-type=\"widget\" data-widget_type=\"text-editor.default\">\n\t\t\t\t<div class=\"elementor-widget-container\">\n\t\t\t\t\t\t\t\t\t<p><span style=\"font-weight: 400;\">V\u1edbi kinh nghi\u1ec7m tri\u1ec3n khai th\u1ef1c t\u1ebf, ch\u00fang t\u00f4i t\u1ed1i \u01b0u to\u00e0n b\u1ed9 quy tr\u00ecnh t\u1eeb ti\u1ebfp c\u1eadn kh\u00e1ch h\u00e0ng \u0111\u1ebfn chuy\u1ec3n \u0111\u1ed5i, nh\u1eb1m gia t\u0103ng doanh thu m\u1ed9t c\u00e1ch b\u1ec1n v\u1eefng.<\/span><\/p><ul><li style=\"font-weight: 400;\" aria-level=\"1\"><span style=\"font-weight: 400;\">K\u1ebft h\u1ee3p chi\u1ebfn l\u01b0\u1ee3c marketing v\u00e0 telesale \u0111\u1ec3 t\u1ed1i \u0111a h\u00f3a hi\u1ec7u qu\u1ea3<\/span><\/li><li style=\"font-weight: 400;\" aria-level=\"1\"><span style=\"font-weight: 400;\">T\u1ed1i \u01b0u t\u1ef7 l\u1ec7 chuy\u1ec3n \u0111\u1ed5i t\u1eeb data sang h\u1ee3p \u0111\u1ed3ng<\/span><\/li><li style=\"font-weight: 400;\" aria-level=\"1\"><span style=\"font-weight: 400;\">Tri\u1ec3n khai c\u00e1c gi\u1ea3i ph\u00e1p cross-sell gi\u1eefa b\u1ea3o hi\u1ec3m v\u00e0 t\u00e0i ch\u00ednh<\/span><\/li><li style=\"font-weight: 400;\" aria-level=\"1\"><span style=\"font-weight: 400;\">\u0110o l\u01b0\u1eddng v\u00e0 c\u1ea3i ti\u1ebfn li\u00ean t\u1ee5c d\u1ef1a tr\u00ean d\u1eef li\u1ec7u th\u1ef1c t\u1ebf<\/span><\/li><\/ul><p><span style=\"font-weight: 400;\">\u27a1\ufe0f Gi\u00fap doanh nghi\u1ec7p gia t\u0103ng doanh thu v\u00e0 t\u1ed1i \u01b0u hi\u1ec7u qu\u1ea3 \u0111\u1ea7u t\u01b0<\/span><\/p>\t\t\t\t\t\t\t\t<\/div>\n\t\t\t\t<\/div>\n\t\t\t\t<\/div>\n\t\t\t\t\t<\/details>\n\t\t\t\t\t\t<details id=\"e-n-accordion-item-1842\" class=\"e-n-accordion-item\" >\n\t\t\t\t<summary class=\"e-n-accordion-item-title\" data-accordion-index=\"3\" tabindex=\"-1\" aria-expanded=\"false\" aria-controls=\"e-n-accordion-item-1842\" >\n\t\t\t\t\t<span class='e-n-accordion-item-title-header'><div class=\"e-n-accordion-item-title-text\"> \u0110\u1ed9i ng\u0169 chuy\u00ean nghi\u1ec7p, am hi\u1ec3u th\u1ecb tr\u01b0\u1eddng, \u0111\u1ea1t ch\u1ee9ng ch\u1ec9 b\u1ea3o hi\u1ec3m <\/div><\/span>\n\t\t\t\t\t\t\t<span class='e-n-accordion-item-title-icon'>\n\t\t\t<span class='e-opened' ><i aria-hidden=\"true\" class=\"vamtamtheme- vamtam-theme-minus\"><\/i><\/span>\n\t\t\t<span class='e-closed'><i aria-hidden=\"true\" class=\"vamtamtheme- vamtam-theme-plus\"><\/i><\/span>\n\t\t<\/span>\n\n\t\t\t\t\t\t<\/summary>\n\t\t\t\t<div role=\"region\" aria-labelledby=\"e-n-accordion-item-1842\" class=\"elementor-element elementor-element-22f5e759 e-con-full e-flex e-con e-child\" data-id=\"22f5e759\" data-element_type=\"container\" data-e-type=\"container\">\n\t\t\t\t<div class=\"vamtam-has-theme-widget-styles elementor-element elementor-element-7948bc53 elementor-widget elementor-widget-text-editor\" data-id=\"7948bc53\" data-element_type=\"widget\" data-e-type=\"widget\" data-widget_type=\"text-editor.default\">\n\t\t\t\t<div class=\"elementor-widget-container\">\n\t\t\t\t\t\t\t\t\t<p><span style=\"font-weight: 400;\">\u0110\u1ed9i ng\u0169 t\u01b0 v\u1ea5n vi\u00ean c\u1ee7a ch\u00fang t\u00f4i \u0111\u01b0\u1ee3c \u0111\u00e0o t\u1ea1o chuy\u00ean s\u00e2u, s\u1edf h\u1eefu \u0111\u1ea7y \u0111\u1ee7 ch\u1ee9ng ch\u1ec9 c\u1ea7n thi\u1ebft v\u00e0 hi\u1ec3u r\u00f5 h\u00e0nh vi kh\u00e1ch h\u00e0ng t\u1ea1i th\u1ecb tr\u01b0\u1eddng Vi\u1ec7t Nam.<\/span><\/p><ul><li style=\"font-weight: 400;\" aria-level=\"1\"><span style=\"font-weight: 400;\">C\u00f3 ch\u1ee9ng ch\u1ec9 ho\u1ea1t \u0111\u1ed9ng trong l\u0129nh v\u1ef1c b\u1ea3o hi\u1ec3m<\/span><\/li><li style=\"font-weight: 400;\" aria-level=\"1\"><span style=\"font-weight: 400;\">K\u1ef9 n\u0103ng t\u01b0 v\u1ea5n chuy\u00ean nghi\u1ec7p, tu\u00e2n th\u1ee7 quy \u0111\u1ecbnh ph\u00e1p l\u00fd<\/span><\/li><li style=\"font-weight: 400;\" aria-level=\"1\"><span style=\"font-weight: 400;\">Am hi\u1ec3u nhu c\u1ea7u v\u00e0 t\u00e2m l\u00fd kh\u00e1ch h\u00e0ng Vi\u1ec7t Nam<\/span><\/li><li style=\"font-weight: 400;\" aria-level=\"1\"><span style=\"font-weight: 400;\">Lu\u00f4n c\u1eadp nh\u1eadt xu h\u01b0\u1edbng th\u1ecb tr\u01b0\u1eddng v\u00e0 s\u1ea3n ph\u1ea9m m\u1edbi<\/span><\/li><\/ul><p><span style=\"font-weight: 400;\">\u27a1\ufe0f \u0110\u1ea3m b\u1ea3o ch\u1ea5t l\u01b0\u1ee3ng t\u01b0 v\u1ea5n, n\u00e2ng cao uy t\u00edn th\u01b0\u01a1ng hi\u1ec7u v\u00e0 x\u00e2y d\u1ef1ng ni\u1ec1m tin v\u1edbi kh\u00e1ch h\u00e0ng<\/span><\/p>\t\t\t\t\t\t\t\t<\/div>\n\t\t\t\t<\/div>\n\t\t\t\t<\/div>\n\t\t\t\t\t<\/details>\n\t\t\t\t\t<\/div>\n\t\t\t\t\t\t<\/div>\n\t\t\t\t<\/div>\n\t\t\t\t<\/div>\n\t\t\t\t<\/div>\n\t\t\t\t\t<\/div>\n\t\t\t\t<\/div>\n\t\t<div class=\"elementor-element elementor-element-6f139414 e-flex e-con-boxed e-con e-parent\" data-id=\"6f139414\" data-element_type=\"container\" data-e-type=\"container\">\n\t\t\t\t\t<div class=\"e-con-inner\">\n\t\t\t\t<div class=\"vamtam-has-theme-widget-styles elementor-element elementor-element-21c2aaf elementor-invisible elementor-align-justify vamtam-content-align-space-between elementor-widget__width-auto animated-fast vamtam-has-icon-styles vamtam-icon-pos-row elementor-widget elementor-widget-button\" data-id=\"21c2aaf\" data-element_type=\"widget\" data-e-type=\"widget\" data-settings=\"{&quot;_animation&quot;:&quot;slideInUp&quot;,&quot;_animation_delay&quot;:0}\" data-widget_type=\"button.default\">\n\t\t\t\t<div class=\"elementor-widget-container\">\n\t\t\t\t\t\t\t\t\t<div class=\"elementor-button-wrapper\">\n\t\t\t\t\t<a class=\"elementor-button elementor-size-sm\" role=\"button\">\n\t\t\t\t\t\t<span class=\"elementor-button-content-wrapper\">\n\t\t\t\t\t\t<span class=\"elementor-button-icon\">\n\t\t\t\t<i aria-hidden=\"true\" class=\"vamtamtheme- vamtam-theme-check\"><\/i>\t\t\t<\/span>\n\t\t\t\t\t\t\t\t\t<span class=\"elementor-button-text\">\u0110i\u1ec3m b\u00e1n ph\u1ee7 r\u1ed9ng th\u1ecb tr\u01b0\u1eddng<\/span>\n\t\t\t\t\t<\/span>\n\t\t\t\t\t<\/a>\n\t\t\t\t<\/div>\n\t\t\t\t\t\t\t\t<\/div>\n\t\t\t\t<\/div>\n\t\t\t\t<div class=\"vamtam-has-theme-widget-styles elementor-element elementor-element-25094a5 elementor-invisible elementor-align-justify vamtam-content-align-space-between elementor-widget__width-auto animated-fast vamtam-has-icon-styles vamtam-icon-pos-row elementor-widget elementor-widget-button\" data-id=\"25094a5\" data-element_type=\"widget\" data-e-type=\"widget\" data-settings=\"{&quot;_animation&quot;:&quot;slideInUp&quot;,&quot;_animation_delay&quot;:0}\" data-widget_type=\"button.default\">\n\t\t\t\t<div class=\"elementor-widget-container\">\n\t\t\t\t\t\t\t\t\t<div class=\"elementor-button-wrapper\">\n\t\t\t\t\t<a class=\"elementor-button elementor-size-sm\" role=\"button\">\n\t\t\t\t\t\t<span class=\"elementor-button-content-wrapper\">\n\t\t\t\t\t\t<span class=\"elementor-button-icon\">\n\t\t\t\t<i aria-hidden=\"true\" class=\"vamtamtheme- vamtam-theme-check\"><\/i>\t\t\t<\/span>\n\t\t\t\t\t\t\t\t\t<span class=\"elementor-button-text\">Sinh l\u1eddi t\u1eeb s\u1ea3n ph\u1ea9m t\u00e0i ch\u00ednh<\/span>\n\t\t\t\t\t<\/span>\n\t\t\t\t\t<\/a>\n\t\t\t\t<\/div>\n\t\t\t\t\t\t\t\t<\/div>\n\t\t\t\t<\/div>\n\t\t\t\t<div class=\"vamtam-has-theme-widget-styles elementor-element elementor-element-583b2d1 elementor-invisible elementor-align-justify vamtam-content-align-space-between elementor-widget__width-auto animated-fast vamtam-has-icon-styles vamtam-icon-pos-row elementor-widget elementor-widget-button\" data-id=\"583b2d1\" data-element_type=\"widget\" data-e-type=\"widget\" data-settings=\"{&quot;_animation&quot;:&quot;slideInUp&quot;,&quot;_animation_delay&quot;:0}\" data-widget_type=\"button.default\">\n\t\t\t\t<div class=\"elementor-widget-container\">\n\t\t\t\t\t\t\t\t\t<div class=\"elementor-button-wrapper\">\n\t\t\t\t\t<a class=\"elementor-button elementor-size-sm\" role=\"button\">\n\t\t\t\t\t\t<span class=\"elementor-button-content-wrapper\">\n\t\t\t\t\t\t<span class=\"elementor-button-icon\">\n\t\t\t\t<i aria-hidden=\"true\" class=\"vamtamtheme- vamtam-theme-check\"><\/i>\t\t\t<\/span>\n\t\t\t\t\t\t\t\t\t<span class=\"elementor-button-text\">Chu\u1ea9n h\u00f3a quy tr\u00ecnh v\u1edbi chuy\u00ean gia<\/span>\n\t\t\t\t\t<\/span>\n\t\t\t\t\t<\/a>\n\t\t\t\t<\/div>\n\t\t\t\t\t\t\t\t<\/div>\n\t\t\t\t<\/div>\n\t\t\t\t\t<\/div>\n\t\t\t\t<\/div>\n\t\t<div class=\"elementor-element elementor-element-7eba04e e-flex e-con-boxed e-con e-parent\" data-id=\"7eba04e\" data-element_type=\"container\" data-e-type=\"container\" data-settings=\"{&quot;background_background&quot;:&quot;classic&quot;}\">\n\t\t\t\t\t<div class=\"e-con-inner\">\n\t\t<div class=\"elementor-element elementor-element-e6a9b14 e-con-full e-flex e-con e-child\" data-id=\"e6a9b14\" data-element_type=\"container\" data-e-type=\"container\">\n\t\t<div class=\"elementor-element elementor-element-ca42373 elementor-invisible e-con-full blur-background animated-fast e-flex e-con e-child\" data-id=\"ca42373\" data-element_type=\"container\" data-e-type=\"container\" data-settings=\"{&quot;background_background&quot;:&quot;classic&quot;,&quot;sticky&quot;:&quot;bottom&quot;,&quot;sticky_on&quot;:[&quot;desktop&quot;],&quot;sticky_offset&quot;:60,&quot;sticky_parent&quot;:&quot;yes&quot;,&quot;animation&quot;:&quot;fadeIn&quot;,&quot;sticky_effects_offset&quot;:0,&quot;sticky_anchor_link_offset&quot;:0}\">\n\t\t<div class=\"elementor-element elementor-element-9c958c7 e-con-full e-flex e-con e-child\" data-id=\"9c958c7\" data-element_type=\"container\" data-e-type=\"container\">\n\t\t\t\t<div class=\"elementor-element elementor-element-fd9b1aa elementor-invisible elementor-widget__width-auto animated-fast elementor-widget elementor-widget-heading\" data-id=\"fd9b1aa\" data-element_type=\"widget\" data-e-type=\"widget\" data-settings=\"{&quot;_animation&quot;:&quot;fadeIn&quot;,&quot;_animation_delay&quot;:50}\" data-widget_type=\"heading.default\">\n\t\t\t\t<div class=\"elementor-widget-container\">\n\t\t\t\t\t<div class=\"elementor-heading-title elementor-size-default\">V\u00ec sao ch\u1ecdn Break Field Vi\u1ec7t Nam<\/div>\t\t\t\t<\/div>\n\t\t\t\t<\/div>\n\t\t\t\t<div class=\"vamtam-has-theme-widget-styles elementor-element elementor-element-3febced elementor-view-stacked elementor-shape-circle elementor-widget elementor-widget-global elementor-global-1819 elementor-widget-icon\" data-id=\"3febced\" data-element_type=\"widget\" data-e-type=\"widget\" data-settings=\"{&quot;motion_fx_motion_fx_scrolling&quot;:&quot;yes&quot;,&quot;motion_fx_rotateZ_effect&quot;:&quot;yes&quot;,&quot;motion_fx_rotateZ_direction&quot;:&quot;negative&quot;,&quot;motion_fx_rotateZ_affectedRange&quot;:{&quot;unit&quot;:&quot;%&quot;,&quot;size&quot;:&quot;&quot;,&quot;sizes&quot;:{&quot;start&quot;:18,&quot;end&quot;:79}},&quot;motion_fx_devices&quot;:[&quot;desktop&quot;],&quot;motion_fx_rotateZ_speed&quot;:{&quot;unit&quot;:&quot;px&quot;,&quot;size&quot;:1,&quot;sizes&quot;:[]}}\" data-widget_type=\"icon.default\">\n\t\t\t\t<div class=\"elementor-widget-container\">\n\t\t\t\t\t\t\t<div class=\"elementor-icon-wrapper\">\n\t\t\t<div class=\"elementor-icon\">\n\t\t\t<i aria-hidden=\"true\" class=\"vamtamtheme- vamtam-theme-sign-star\"><\/i>\t\t\t<\/div>\n\t\t<\/div>\n\t\t\t\t\t\t<\/div>\n\t\t\t\t<\/div>\n\t\t\t\t<\/div>\n\t\t\t\t<div class=\"elementor-element elementor-element-73d5722 elementor-widget elementor-widget-heading\" data-id=\"73d5722\" data-element_type=\"widget\" data-e-type=\"widget\" data-widget_type=\"heading.default\">\n\t\t\t\t<div class=\"elementor-widget-container\">\n\t\t\t\t\t<h2 class=\"elementor-heading-title elementor-size-default\">Ch\u00fang t\u00f4i <br>l\u1eafng nghe<br>v\u00e0 gi\u1ea3i quy\u1ebft<\/h2>\t\t\t\t<\/div>\n\t\t\t\t<\/div>\n\t\t\t\t<div class=\"elementor-element elementor-element-d14fd33 elementor-headline--style-rotate elementor-widget__width-auto elementor-widget elementor-widget-animated-headline\" data-id=\"d14fd33\" data-element_type=\"widget\" data-e-type=\"widget\" data-settings=\"{&quot;headline_style&quot;:&quot;rotate&quot;,&quot;rotate_iteration_delay&quot;:2000,&quot;animation_type&quot;:&quot;typing&quot;,&quot;loop&quot;:&quot;yes&quot;}\" data-widget_type=\"animated-headline.default\">\n\t\t\t\t<div class=\"elementor-widget-container\">\n\t\t\t\t\t\t\t<div class=\"elementor-headline elementor-headline-animation-type-typing elementor-headline-letters\">\n\t\t\t\t\t<span class=\"elementor-headline-plain-text elementor-headline-text-wrapper\">V\u1ea5n \u0110\u1ec1 C\u1ee7a B\u1ea1n<\/span>\n\t\t\t\t<span class=\"elementor-headline-dynamic-wrapper elementor-headline-text-wrapper\">\n\t\t\t\t<\/span>\n\t\t\t\t<\/div>\n\t\t\t\t\t\t<\/div>\n\t\t\t\t<\/div>\n\t\t<div class=\"elementor-element elementor-element-39aca18 e-con-full e-flex e-con e-child\" data-id=\"39aca18\" data-element_type=\"container\" data-e-type=\"container\">\n\t\t\t\t<div class=\"vamtam-has-theme-widget-styles elementor-element elementor-element-e05498e elementor-widget elementor-widget-button\" data-id=\"e05498e\" data-element_type=\"widget\" data-e-type=\"widget\" data-widget_type=\"button.default\">\n\t\t\t\t<div class=\"elementor-widget-container\">\n\t\t\t\t\t\t\t\t\t<div class=\"elementor-button-wrapper\">\n\t\t\t\t\t<a class=\"elementor-button elementor-button-link elementor-size-sm\" href=\"https:\/\/breakfield.com.vn\/en\/lien-he\/\">\n\t\t\t\t\t\t<span class=\"elementor-button-content-wrapper\">\n\t\t\t\t\t\t\t\t\t<span class=\"elementor-button-text\">T\u01b0 v\u1ea5n ngay<\/span>\n\t\t\t\t\t<\/span>\n\t\t\t\t\t<\/a>\n\t\t\t\t<\/div>\n\t\t\t\t\t\t\t\t<\/div>\n\t\t\t\t<\/div>\n\t\t\t\t<\/div>\n\t\t\t\t<\/div>\n\t\t\t\t<\/div>\n\t\t\t\t\t<\/div>\n\t\t\t\t<\/div>\n\t\t\t\t<\/div>\n\t\t","protected":false},"excerpt":{"rendered":"<p>T\u1ed4NG QUAN H\u1ec7 th\u1ed1ng \u0110\u1ea1i l\u00fd ph\u00e2n ph\u1ed1i b\u1ea3o hi\u1ec3m Ch\u00fang t\u00f4i gi\u00fap doanh nghi\u1ec7p b\u1ee9t ph\u00e1 doanh thu th\u00f4ng qua m\u1ea1ng l\u01b0\u1edbi ph\u00e2n ph\u1ed1i \u0111a k\u00eanh hi\u1ec7n \u0111\u1ea1i. B\u1eb1ng vi\u1ec7c k\u1ebft h\u1ee3p \u0111\u1ed9i ng\u0169 chuy\u00ean gia \u0111\u1ea1t chu\u1ea9n v\u00e0 quy tr\u00ecnh t\u1ed1i \u01b0u Data s\u1eb5n c\u00f3, ch\u00fang t\u00f4i cam k\u1ebft m\u1edf r\u1ed9ng \u0111\u1ed9 ph\u1ee7&#8230;<\/p>","protected":false},"author":2,"featured_media":8914,"parent":0,"menu_order":0,"comment_status":"closed","ping_status":"closed","template":"","meta":{"uix_meta_title":"","uix_meta_description":"","uix_canonical_url":"","footnotes":""},"class_list":["post-989557","page","type-page","status-publish","has-post-thumbnail","hentry"],"_links":{"self":[{"href":"https:\/\/breakfield.com.vn\/en\/wp-json\/wp\/v2\/pages\/989557","targetHints":{"allow":["GET"]}}],"collection":[{"href":"https:\/\/breakfield.com.vn\/en\/wp-json\/wp\/v2\/pages"}],"about":[{"href":"https:\/\/breakfield.com.vn\/en\/wp-json\/wp\/v2\/types\/page"}],"author":[{"embeddable":true,"href":"https:\/\/breakfield.com.vn\/en\/wp-json\/wp\/v2\/users\/2"}],"replies":[{"embeddable":true,"href":"https:\/\/breakfield.com.vn\/en\/wp-json\/wp\/v2\/comments?post=989557"}],"version-history":[{"count":46,"href":"https:\/\/breakfield.com.vn\/en\/wp-json\/wp\/v2\/pages\/989557\/revisions"}],"predecessor-version":[{"id":990794,"href":"https:\/\/breakfield.com.vn\/en\/wp-json\/wp\/v2\/pages\/989557\/revisions\/990794"}],"wp:featuredmedia":[{"embeddable":true,"href":"https:\/\/breakfield.com.vn\/en\/wp-json\/wp\/v2\/media\/8914"}],"wp:attachment":[{"href":"https:\/\/breakfield.com.vn\/en\/wp-json\/wp\/v2\/media?parent=989557"}],"curies":[{"name":"wp","href":"https:\/\/api.w.org\/{rel}","templated":true}]}}